{"id":744,"date":"2023-08-10T13:41:27","date_gmt":"2023-08-10T16:41:27","guid":{"rendered":"https:\/\/activtrades.support\/lps\/?page_id=744"},"modified":"2024-06-24T12:40:20","modified_gmt":"2024-06-24T15:40:20","slug":"faq","status":"publish","type":"page","link":"https:\/\/activtrades.support\/lps\/blackarrow\/faq\/","title":{"rendered":"FAQ"},"content":{"rendered":"\t\t<div data-elementor-type=\"wp-page\" data-elementor-id=\"744\" class=\"elementor elementor-744\" data-elementor-post-type=\"page\">\n\t\t\t\t<div class=\"elementor-element elementor-element-785ac3c e-flex e-con-boxed e-con e-parent\" data-id=\"785ac3c\" data-element_type=\"container\" data-e-type=\"container\" data-settings=\"{&quot;background_background&quot;:&quot;classic&quot;}\">\n\t\t\t\t\t<div class=\"e-con-inner\">\n\t\t\t\t<div class=\"elementor-element elementor-element-55ecb60 elementor-widget elementor-widget-image\" data-id=\"55ecb60\" data-element_type=\"widget\" data-e-type=\"widget\" data-widget_type=\"image.default\">\n\t\t\t\t<div class=\"elementor-widget-container\">\n\t\t\t\t\t\t\t\t\t\t\t\t\t\t\t\t<a href=\"https:\/\/activtrades.support\/lps\/black-arrow\/\">\n\t\t\t\t\t\t\t<img decoding=\"async\" width=\"211\" height=\"38\" src=\"https:\/\/activtrades.support\/lps\/wp-content\/uploads\/sites\/10\/2023\/05\/logo-activtrades.png\" class=\"attachment-full size-full wp-image-10\" alt=\"\" \/>\t\t\t\t\t\t\t\t<\/a>\n\t\t\t\t\t\t\t\t\t\t\t\t\t\t\t<\/div>\n\t\t\t\t<\/div>\n\t\t\t\t<div class=\"elementor-element elementor-element-6b28630 elementor-widget__width-initial elementor-widget elementor-widget-text-editor\" data-id=\"6b28630\" data-element_type=\"widget\" data-e-type=\"widget\" data-widget_type=\"text-editor.default\">\n\t\t\t\t<div class=\"elementor-widget-container\">\n\t\t\t\t\t\t\t\t\t<p>Gostar\u00edamos de inform\u00e1-lo de que todas as promo\u00e7\u00f5es referentes \u00e0 plataforma BlackArrow foram encerradas em Maio. Estamos preparando novas promo\u00e7\u00f5es para o futuro.<\/p><p>Caso tenha interesse em participar da nossa lista de espera para futuras promo\u00e7\u00f5es, por favor preencha este link:<\/p>\t\t\t\t\t\t\t\t<\/div>\n\t\t\t\t<\/div>\n\t\t\t\t<div class=\"elementor-element elementor-element-6786ae0 elementor-align-center elementor-widget elementor-widget-button\" data-id=\"6786ae0\" data-element_type=\"widget\" data-e-type=\"widget\" data-widget_type=\"button.default\">\n\t\t\t\t<div class=\"elementor-widget-container\">\n\t\t\t\t\t\t\t\t\t<div class=\"elementor-button-wrapper\">\n\t\t\t\t\t<a class=\"elementor-button elementor-button-link elementor-size-lg\" href=\"https:\/\/activtradespt.typeform.com\/promoblackarrow\" target=\"_blank\">\n\t\t\t\t\t\t<span class=\"elementor-button-content-wrapper\">\n\t\t\t\t\t\t\t\t\t<span class=\"elementor-button-text\">Acessar formul\u00e1rio<\/span>\n\t\t\t\t\t<\/span>\n\t\t\t\t\t<\/a>\n\t\t\t\t<\/div>\n\t\t\t\t\t\t\t\t<\/div>\n\t\t\t\t<\/div>\n\t\t\t\t<div class=\"elementor-element elementor-element-671eb6f elementor-widget__width-initial elementor-widget elementor-widget-text-editor\" data-id=\"671eb6f\" data-element_type=\"widget\" data-e-type=\"widget\" data-widget_type=\"text-editor.default\">\n\t\t\t\t<div class=\"elementor-widget-container\">\n\t\t\t\t\t\t\t\t\t<p><span style=\"text-decoration: underline;\"><a href=\"https:\/\/activtrades.support\/lps\/blackarrow\/\">Voltar<\/a><\/span><\/p>\t\t\t\t\t\t\t\t<\/div>\n\t\t\t\t<\/div>\n\t\t\t\t\t<\/div>\n\t\t\t\t<\/div>\n\t\t\t\t<\/div>\n\t\t","protected":false},"excerpt":{"rendered":"<p>Gostar\u00edamos de inform\u00e1-lo de que todas as promo\u00e7\u00f5es referentes \u00e0 plataforma BlackArrow foram encerradas em Maio. Estamos preparando novas promo\u00e7\u00f5es para o futuro. Caso tenha interesse em participar da nossa lista de espera para futuras promo\u00e7\u00f5es, por favor preencha este link: Acessar formul\u00e1rio Voltar<\/p>\n","protected":false},"author":1,"featured_media":0,"parent":208,"menu_order":0,"comment_status":"closed","ping_status":"closed","template":"elementor_canvas","meta":{"inline_featured_image":false,"footnotes":""},"class_list":["post-744","page","type-page","status-publish","hentry"],"yoast_head":"<!-- This site is optimized with the Yoast SEO Premium plugin v20.2 (Yoast SEO v23.9) - https:\/\/yoast.com\/wordpress\/plugins\/seo\/ -->\n<title>ActivTrades - FAQ sobre a Plataforma BlackArrow da Nelogica<\/title>\n<meta name=\"description\" content=\"ActivTrades - FAQ sobre a Plataforma BlackArrow da Nelogica\" \/>\n<meta name=\"robots\" content=\"index, follow, max-snippet:-1, max-image-preview:large, max-video-preview:-1\" \/>\n<link rel=\"canonical\" href=\"https:\/\/activtrades.support\/lps\/blackarrow\/faq\/\" \/>\n<meta property=\"og:locale\" content=\"pt_BR\" \/>\n<meta property=\"og:type\" content=\"article\" \/>\n<meta property=\"og:title\" content=\"FAQ\" \/>\n<meta property=\"og:description\" content=\"ActivTrades - FAQ sobre a Plataforma BlackArrow da Nelogica\" \/>\n<meta property=\"og:url\" content=\"https:\/\/activtrades.support\/lps\/blackarrow\/faq\/\" \/>\n<meta property=\"og:site_name\" content=\"ActivTrades LP\" \/>\n<meta property=\"article:modified_time\" content=\"2024-06-24T15:40:20+00:00\" \/>\n<meta property=\"og:image\" content=\"https:\/\/activtrades.support\/lps\/wp-content\/uploads\/sites\/10\/2023\/05\/logo-activtrades.png\" \/>\n<meta name=\"twitter:card\" content=\"summary_large_image\" \/>\n<meta name=\"twitter:label1\" content=\"Est. tempo de leitura\" \/>\n\t<meta name=\"twitter:data1\" content=\"1 minuto\" \/>\n<script type=\"application\/ld+json\" class=\"yoast-schema-graph\">{\"@context\":\"https:\/\/schema.org\",\"@graph\":[{\"@type\":\"WebPage\",\"@id\":\"https:\/\/activtrades.support\/lps\/blackarrow\/faq\/\",\"url\":\"https:\/\/activtrades.support\/lps\/blackarrow\/faq\/\",\"name\":\"ActivTrades - FAQ sobre a Plataforma BlackArrow da Nelogica\",\"isPartOf\":{\"@id\":\"https:\/\/activtrades.support\/lps\/#website\"},\"primaryImageOfPage\":{\"@id\":\"https:\/\/activtrades.support\/lps\/blackarrow\/faq\/#primaryimage\"},\"image\":{\"@id\":\"https:\/\/activtrades.support\/lps\/blackarrow\/faq\/#primaryimage\"},\"thumbnailUrl\":\"https:\/\/activtrades.support\/lps\/wp-content\/uploads\/sites\/10\/2023\/05\/logo-activtrades.png\",\"datePublished\":\"2023-08-10T16:41:27+00:00\",\"dateModified\":\"2024-06-24T15:40:20+00:00\",\"description\":\"ActivTrades - FAQ sobre a Plataforma BlackArrow da Nelogica\",\"breadcrumb\":{\"@id\":\"https:\/\/activtrades.support\/lps\/blackarrow\/faq\/#breadcrumb\"},\"inLanguage\":\"pt-BR\",\"potentialAction\":[{\"@type\":\"ReadAction\",\"target\":[\"https:\/\/activtrades.support\/lps\/blackarrow\/faq\/\"]}]},{\"@type\":\"ImageObject\",\"inLanguage\":\"pt-BR\",\"@id\":\"https:\/\/activtrades.support\/lps\/blackarrow\/faq\/#primaryimage\",\"url\":\"https:\/\/activtrades.support\/lps\/wp-content\/uploads\/sites\/10\/2023\/05\/logo-activtrades.png\",\"contentUrl\":\"https:\/\/activtrades.support\/lps\/wp-content\/uploads\/sites\/10\/2023\/05\/logo-activtrades.png\",\"width\":211,\"height\":38},{\"@type\":\"BreadcrumbList\",\"@id\":\"https:\/\/activtrades.support\/lps\/blackarrow\/faq\/#breadcrumb\",\"itemListElement\":[{\"@type\":\"ListItem\",\"position\":1,\"name\":\"In\u00edcio\",\"item\":\"https:\/\/activtrades.support\/lps\/\"},{\"@type\":\"ListItem\",\"position\":2,\"name\":\"BlackArrow\",\"item\":\"https:\/\/activtrades.support\/lps\/blackarrow\/\"},{\"@type\":\"ListItem\",\"position\":3,\"name\":\"FAQ\"}]},{\"@type\":\"WebSite\",\"@id\":\"https:\/\/activtrades.support\/lps\/#website\",\"url\":\"https:\/\/activtrades.support\/lps\/\",\"name\":\"ActivTrades LP\",\"description\":\"\",\"potentialAction\":[{\"@type\":\"SearchAction\",\"target\":{\"@type\":\"EntryPoint\",\"urlTemplate\":\"https:\/\/activtrades.support\/lps\/?s={search_term_string}\"},\"query-input\":{\"@type\":\"PropertyValueSpecification\",\"valueRequired\":true,\"valueName\":\"search_term_string\"}}],\"inLanguage\":\"pt-BR\"}]}<\/script>\n<!-- \/ Yoast SEO Premium plugin. -->","yoast_head_json":{"title":"ActivTrades - FAQ sobre a Plataforma BlackArrow da Nelogica","description":"ActivTrades - FAQ sobre a Plataforma BlackArrow da Nelogica","robots":{"index":"index","follow":"follow","max-snippet":"max-snippet:-1","max-image-preview":"max-image-preview:large","max-video-preview":"max-video-preview:-1"},"canonical":"https:\/\/activtrades.support\/lps\/blackarrow\/faq\/","og_locale":"pt_BR","og_type":"article","og_title":"FAQ","og_description":"ActivTrades - FAQ sobre a Plataforma BlackArrow da Nelogica","og_url":"https:\/\/activtrades.support\/lps\/blackarrow\/faq\/","og_site_name":"ActivTrades LP","article_modified_time":"2024-06-24T15:40:20+00:00","og_image":[{"url":"https:\/\/activtrades.support\/lps\/wp-content\/uploads\/sites\/10\/2023\/05\/logo-activtrades.png"}],"twitter_card":"summary_large_image","twitter_misc":{"Est. tempo de leitura":"1 minuto"},"schema":{"@context":"https:\/\/schema.org","@graph":[{"@type":"WebPage","@id":"https:\/\/activtrades.support\/lps\/blackarrow\/faq\/","url":"https:\/\/activtrades.support\/lps\/blackarrow\/faq\/","name":"ActivTrades - FAQ sobre a Plataforma BlackArrow da Nelogica","isPartOf":{"@id":"https:\/\/activtrades.support\/lps\/#website"},"primaryImageOfPage":{"@id":"https:\/\/activtrades.support\/lps\/blackarrow\/faq\/#primaryimage"},"image":{"@id":"https:\/\/activtrades.support\/lps\/blackarrow\/faq\/#primaryimage"},"thumbnailUrl":"https:\/\/activtrades.support\/lps\/wp-content\/uploads\/sites\/10\/2023\/05\/logo-activtrades.png","datePublished":"2023-08-10T16:41:27+00:00","dateModified":"2024-06-24T15:40:20+00:00","description":"ActivTrades - FAQ sobre a Plataforma BlackArrow da Nelogica","breadcrumb":{"@id":"https:\/\/activtrades.support\/lps\/blackarrow\/faq\/#breadcrumb"},"inLanguage":"pt-BR","potentialAction":[{"@type":"ReadAction","target":["https:\/\/activtrades.support\/lps\/blackarrow\/faq\/"]}]},{"@type":"ImageObject","inLanguage":"pt-BR","@id":"https:\/\/activtrades.support\/lps\/blackarrow\/faq\/#primaryimage","url":"https:\/\/activtrades.support\/lps\/wp-content\/uploads\/sites\/10\/2023\/05\/logo-activtrades.png","contentUrl":"https:\/\/activtrades.support\/lps\/wp-content\/uploads\/sites\/10\/2023\/05\/logo-activtrades.png","width":211,"height":38},{"@type":"BreadcrumbList","@id":"https:\/\/activtrades.support\/lps\/blackarrow\/faq\/#breadcrumb","itemListElement":[{"@type":"ListItem","position":1,"name":"In\u00edcio","item":"https:\/\/activtrades.support\/lps\/"},{"@type":"ListItem","position":2,"name":"BlackArrow","item":"https:\/\/activtrades.support\/lps\/blackarrow\/"},{"@type":"ListItem","position":3,"name":"FAQ"}]},{"@type":"WebSite","@id":"https:\/\/activtrades.support\/lps\/#website","url":"https:\/\/activtrades.support\/lps\/","name":"ActivTrades LP","description":"","potentialAction":[{"@type":"SearchAction","target":{"@type":"EntryPoint","urlTemplate":"https:\/\/activtrades.support\/lps\/?s={search_term_string}"},"query-input":{"@type":"PropertyValueSpecification","valueRequired":true,"valueName":"search_term_string"}}],"inLanguage":"pt-BR"}]}},"_links":{"self":[{"href":"https:\/\/activtrades.support\/lps\/wp-json\/wp\/v2\/pages\/744","targetHints":{"allow":["GET"]}}],"collection":[{"href":"https:\/\/activtrades.support\/lps\/wp-json\/wp\/v2\/pages"}],"about":[{"href":"https:\/\/activtrades.support\/lps\/wp-json\/wp\/v2\/types\/page"}],"author":[{"embeddable":true,"href":"https:\/\/activtrades.support\/lps\/wp-json\/wp\/v2\/users\/1"}],"replies":[{"embeddable":true,"href":"https:\/\/activtrades.support\/lps\/wp-json\/wp\/v2\/comments?post=744"}],"version-history":[{"count":137,"href":"https:\/\/activtrades.support\/lps\/wp-json\/wp\/v2\/pages\/744\/revisions"}],"predecessor-version":[{"id":3278,"href":"https:\/\/activtrades.support\/lps\/wp-json\/wp\/v2\/pages\/744\/revisions\/3278"}],"up":[{"embeddable":true,"href":"https:\/\/activtrades.support\/lps\/wp-json\/wp\/v2\/pages\/208"}],"wp:attachment":[{"href":"https:\/\/activtrades.support\/lps\/wp-json\/wp\/v2\/media?parent=744"}],"curies":[{"name":"wp","href":"https:\/\/api.w.org\/{rel}","templated":true}]}}