{"id":1005,"date":"2023-08-18T18:27:14","date_gmt":"2023-08-18T21:27:14","guid":{"rendered":"https:\/\/activtrades.support\/lps\/?page_id=1005"},"modified":"2023-08-24T08:01:41","modified_gmt":"2023-08-24T11:01:41","slug":"do-zero-a-trader-global","status":"publish","type":"page","link":"https:\/\/activtrades.support\/lps\/semana-do-trader-global\/do-zero-a-trader-global\/","title":{"rendered":"Do zero a Trader Global"},"content":{"rendered":"\t\t<div data-elementor-type=\"wp-page\" data-elementor-id=\"1005\" class=\"elementor elementor-1005\" data-elementor-post-type=\"page\">\n\t\t\t\t\t\t<section class=\"elementor-section elementor-top-section elementor-element elementor-element-198a647 elementor-section-boxed elementor-section-height-default elementor-section-height-default\" data-id=\"198a647\" data-element_type=\"section\" data-e-type=\"section\" data-settings=\"{&quot;background_background&quot;:&quot;classic&quot;}\">\n\t\t\t\t\t\t<div class=\"elementor-container elementor-column-gap-default\">\n\t\t\t\t\t<div class=\"elementor-column elementor-col-100 elementor-top-column elementor-element elementor-element-d1d5a82\" data-id=\"d1d5a82\" data-element_type=\"column\" data-e-type=\"column\">\n\t\t\t<div class=\"elementor-widget-wrap elementor-element-populated\">\n\t\t\t\t\t\t<section class=\"elementor-section elementor-inner-section elementor-element elementor-element-3feb71e elementor-section-boxed elementor-section-height-default elementor-section-height-default\" data-id=\"3feb71e\" data-element_type=\"section\" data-e-type=\"section\">\n\t\t\t\t\t\t<div class=\"elementor-container elementor-column-gap-default\">\n\t\t\t\t\t<div class=\"elementor-column elementor-col-100 elementor-inner-column elementor-element elementor-element-c6f5a65\" data-id=\"c6f5a65\" data-element_type=\"column\" data-e-type=\"column\">\n\t\t\t<div class=\"elementor-widget-wrap elementor-element-populated\">\n\t\t\t\t\t\t<div class=\"elementor-element elementor-element-8ac7cee elementor-widget elementor-widget-image\" data-id=\"8ac7cee\" data-element_type=\"widget\" data-e-type=\"widget\" data-widget_type=\"image.default\">\n\t\t\t\t<div class=\"elementor-widget-container\">\n\t\t\t\t\t\t\t\t\t\t\t\t\t\t\t<img decoding=\"async\" width=\"322\" height=\"118\" src=\"https:\/\/activtrades.support\/lps\/wp-content\/uploads\/sites\/10\/2023\/08\/logo.png\" class=\"attachment-large size-large wp-image-869\" alt=\"\" srcset=\"https:\/\/activtrades.support\/lps\/wp-content\/uploads\/sites\/10\/2023\/08\/logo.png 322w, https:\/\/activtrades.support\/lps\/wp-content\/uploads\/sites\/10\/2023\/08\/logo-300x110.png 300w\" sizes=\"(max-width: 322px) 100vw, 322px\" \/>\t\t\t\t\t\t\t\t\t\t\t\t\t\t\t<\/div>\n\t\t\t\t<\/div>\n\t\t\t\t<div class=\"elementor-element elementor-element-e476f95 elementor-widget elementor-widget-heading\" data-id=\"e476f95\" data-element_type=\"widget\" data-e-type=\"widget\" data-widget_type=\"heading.default\">\n\t\t\t\t<div class=\"elementor-widget-container\">\n\t\t\t\t\t<h2 class=\"elementor-heading-title elementor-size-default\">Assista agora: Do Zero a Trader Global<\/h2>\t\t\t\t<\/div>\n\t\t\t\t<\/div>\n\t\t\t\t\t<\/div>\n\t\t<\/div>\n\t\t\t\t\t<\/div>\n\t\t<\/section>\n\t\t\t\t<section class=\"elementor-section elementor-inner-section elementor-element elementor-element-7135bd4 elementor-hidden-tablet elementor-hidden-mobile elementor-section-boxed elementor-section-height-default elementor-section-height-default\" data-id=\"7135bd4\" data-element_type=\"section\" data-e-type=\"section\">\n\t\t\t\t\t\t<div class=\"elementor-container elementor-column-gap-default\">\n\t\t\t\t\t<div class=\"elementor-column elementor-col-100 elementor-inner-column elementor-element elementor-element-e81fefd\" data-id=\"e81fefd\" data-element_type=\"column\" data-e-type=\"column\">\n\t\t\t<div class=\"elementor-widget-wrap elementor-element-populated\">\n\t\t\t\t\t\t<div class=\"elementor-element elementor-element-90b23fb elementor-widget elementor-widget-html\" data-id=\"90b23fb\" data-element_type=\"widget\" data-e-type=\"widget\" data-widget_type=\"html.default\">\n\t\t\t\t<div class=\"elementor-widget-container\">\n\t\t\t\t\t<iframe width=\"800\" height=\"450\" src=\"https:\/\/www.youtube.com\/embed\/o9E0xmuRShQ\" title=\"YouTube video player\" frameborder=\"0\" allow=\"accelerometer; autoplay; clipboard-write; encrypted-media; gyroscope; picture-in-picture; web-share\" allowfullscreen><\/iframe>\t\t\t\t<\/div>\n\t\t\t\t<\/div>\n\t\t\t\t\t<\/div>\n\t\t<\/div>\n\t\t\t\t\t<\/div>\n\t\t<\/section>\n\t\t\t\t<div class=\"elementor-element elementor-element-76fe5dd elementor-hidden-tablet elementor-hidden-mobile elementor-widget elementor-widget-spacer\" data-id=\"76fe5dd\" data-element_type=\"widget\" data-e-type=\"widget\" data-widget_type=\"spacer.default\">\n\t\t\t\t<div class=\"elementor-widget-container\">\n\t\t\t\t\t\t\t<div class=\"elementor-spacer\">\n\t\t\t<div class=\"elementor-spacer-inner\"><\/div>\n\t\t<\/div>\n\t\t\t\t\t\t<\/div>\n\t\t\t\t<\/div>\n\t\t\t\t<div class=\"elementor-element elementor-element-5de80ab elementor-widget elementor-widget-heading\" data-id=\"5de80ab\" data-element_type=\"widget\" data-e-type=\"widget\" data-widget_type=\"heading.default\">\n\t\t\t\t<div class=\"elementor-widget-container\">\n\t\t\t\t\t<h3 class=\"elementor-heading-title elementor-size-default\">Acompanhe a programa\u00e7\u00e3o do evento<\/h3>\t\t\t\t<\/div>\n\t\t\t\t<\/div>\n\t\t\t\t<div class=\"elementor-element elementor-element-a812356 elementor-align-center elementor-mobile-align-center elementor-widget elementor-widget-bdt-advanced-button\" data-id=\"a812356\" data-element_type=\"widget\" data-e-type=\"widget\" data-widget_type=\"bdt-advanced-button.default\">\n\t\t\t\t<div class=\"elementor-widget-container\">\n\t\t\t\t\t\t\t<div class=\"bdt-ep-button-wrapper\">\n\t\t\t<a href=\"https:\/\/activtrades.support\/lps\/semana-do-trader-global\/\" target=\"_blank\" class=\"bdt-ep-button bdt-ep-button-effect-a bdt-ep-button-size-md\">\n\t\t\t\t\t\t<div class=\"bdt-ep-button-content-wrapper bdt-flex bdt-flex-middle bdt-flex-center  \" data-text=\"Agenda da Semana\">\n\t\t\t\t\t\t\t<div class=\"bdt-ep-button-icon bdt-flex-center bdt-flex-align-right\">\n\t\t\t\t\t<div class=\"bdt-ep-button-icon-inner\">\n\n\t\t\t\t\t<i aria-hidden=\"true\" class=\"fa-fw far fa-calendar-check\"><\/i>\n\t\t\t\t\t<\/div>\n\t\t\t\t<\/div>\n\t\t\t\n\t\t\t<div class=\"bdt-ep-button-text\">\n\n                <span class=\"avdbtn-text\">Agenda da Semana<\/span>\n\n\t\t\t\t            <\/div>\n\n\t\t\t\n\t\t<\/div>\n\t\t\t\t\t<\/a>\n\t\t<\/div>\n\t\t\t\t\t\t<\/div>\n\t\t\t\t<\/div>\n\t\t\t\t\t<\/div>\n\t\t<\/div>\n\t\t\t\t\t<\/div>\n\t\t<\/section>\n\t\t\t\t<section class=\"elementor-section elementor-top-section elementor-element elementor-element-02382de elementor-section-boxed elementor-section-height-default elementor-section-height-default\" data-id=\"02382de\" data-element_type=\"section\" data-e-type=\"section\" data-settings=\"{&quot;background_background&quot;:&quot;classic&quot;}\">\n\t\t\t\t\t\t\t<div class=\"elementor-background-overlay\"><\/div>\n\t\t\t\t\t\t\t<div class=\"elementor-container elementor-column-gap-default\">\n\t\t\t\t\t<div class=\"elementor-column elementor-col-100 elementor-top-column elementor-element elementor-element-7c69ddb\" data-id=\"7c69ddb\" data-element_type=\"column\" data-e-type=\"column\">\n\t\t\t<div class=\"elementor-widget-wrap elementor-element-populated\">\n\t\t\t\t\t\t<div class=\"elementor-element elementor-element-3b56dda elementor-widget elementor-widget-image\" data-id=\"3b56dda\" data-element_type=\"widget\" data-e-type=\"widget\" data-widget_type=\"image.default\">\n\t\t\t\t<div class=\"elementor-widget-container\">\n\t\t\t\t\t\t\t\t\t\t\t\t\t\t\t<img decoding=\"async\" width=\"211\" height=\"38\" src=\"https:\/\/activtrades.support\/lps\/wp-content\/uploads\/sites\/10\/2023\/05\/logo-activtrades.png\" class=\"attachment-large size-large wp-image-10\" alt=\"\" \/>\t\t\t\t\t\t\t\t\t\t\t\t\t\t\t<\/div>\n\t\t\t\t<\/div>\n\t\t\t\t<div class=\"elementor-element elementor-element-fdce557 elementor-widget elementor-widget-text-editor\" data-id=\"fdce557\" data-element_type=\"widget\" data-e-type=\"widget\" data-widget_type=\"text-editor.default\">\n\t\t\t\t<div class=\"elementor-widget-container\">\n\t\t\t\t\t\t\t\t\t<p>Derivativos de Balc\u00e3o s\u00e3o instrumentos complexos e apresentam um alto risco de perder dinheiro rapidamente devido \u00e0 alavancagem. 81% das contas de investidores de retalho perdem dinheiro quando negociam Derivativos conosco. Voc\u00ea deve considerar se entende como os Derivativos funcionam e se voc\u00ea pode correr o risco de perder seu dinheiro.<\/p>\n<p>Android \u00e9 uma marca comercial de Google Inc. iPhone, iPad e iPod s\u00e3o marcas comerciais da Apple Inc. registadas nos Estados Unidos e outros pa\u00edses. App Store \u00e9 uma marca de servi\u00e7o da Apple Inc. Marcas e marcas comerciais s\u00e3o propriedade dos respetivos donos.<\/p>\n<p>Mastercard \u00e9 uma marca registrada, e o desenho dos c\u00edrculos \u00e9 uma marca registrada da Mastercard International Incorporated. O Cart\u00e3o \u00e9 emitido pela Wirecard Card Solutions Ltd (\u201cWDCS\u201d) detentora de licen\u00e7a da Mastercard International Inc. WDCS est\u00e1 autorizada pela Financial Conduct Authority a realizar atividades de servi\u00e7os eletr\u00f3nicos de dinheiro sob a vig\u00eancia da Regula\u00e7\u00e3o de Dinheiro Eletr\u00f3nico de 2011 (Ref: 900051).<\/p>\n<p>A ap\u00f3lice de seguro \u201cExcess of FSCS Insurance\u201d \u00e9 sujeita aos termos e condi\u00e7\u00f5es da ap\u00f3lice, acesso ao \u201cFinancial Services Compensation Scheme\u201d depende da natureza e estatuto do pedido. A legisla\u00e7\u00e3o fiscal \u00e9 sujeita a altera\u00e7\u00e3o e pode diferir se pagar os impostos numa jurisdi\u00e7\u00e3o diferente do Reino Unido.<\/p>\n<p>A ActivTrades PLC \u00e9 autorizada e regulada pela Financial Conduct Authority. Registro na FCA n. 434413. A ActivTrades PLC \u00e9 uma empresa registada na Inglaterra &amp; Pa\u00eds de Gales, com o n\u00famero de registo 0536 7727<\/p>\n<p>A ActivTrades Corp \u00e9 autorizada e regulamentada pela The Securities Commission of the Bahamas. A ActivTrades \u00e9 uma empresa internacional registrada na Commonwealth of the Bahamas, n\u00famero de registro 199667 B.<\/p>\n<p>A ActivTrades PlC n\u00e3o \u00e9 entidade registrada ou regulada pela Comiss\u00e3o de Valores Mobili\u00e1rios (CVM) na Rep\u00fablica Federativa do Brasil. Os investidores que investirem diretamente por meio da ActivTrades Corp no exterior n\u00e3o est\u00e3o sujeitos a prote\u00e7\u00f5es conferidas a estes pela CVM. A jurisdi\u00e7\u00e3o da CVM \u00e9 limitada ao territ\u00f3rio brasileiro. Este website n\u00e3o foi desenvolvido para investidores residentes na Rep\u00fablica Federativa do Brasil. O conte\u00fado deste website n\u00e3o dever\u00e1 ser visto ou interpretado como direcionado a investidores residentes na Rep\u00fablica Federativa do Brasil. A ActivTrades PlC n\u00e3o oferta servi\u00e7os ao p\u00fablico brasileiro e n\u00e3o \u00e9 integrante do sistema de distribui\u00e7\u00e3o de valores mobili\u00e1rios brasileiro.<\/p>\n<p>As informa\u00e7\u00f5es apresentadas nesta p\u00e1gina n\u00e3o constituem oferta de compra ou venda de quaisquer produtos ou servi\u00e7os, e tais produtos e servi\u00e7os n\u00e3o devem ser oferecidos ou vendidos a qualquer pessoa e\/ou em qualquer jurisdi\u00e7\u00e3o na qual tal oferta seja considerada ilegal ou irregular.<\/p>\n<p>Este site n\u00e3o foi criado para o p\u00fablico em geral, e n\u00e3o tem a inten\u00e7\u00e3o de realizar qualquer recomenda\u00e7\u00e3o de investimento. As informa\u00e7\u00f5es existentes n\u00e3o levam em considera\u00e7\u00e3o as condi\u00e7\u00f5es financeiras de cada pessoa. Desta forma, cada pessoa dever\u00e1 realizar avalia\u00e7\u00e3o quanto \u00e0 qualidade e adequa\u00e7\u00e3o das informa\u00e7\u00f5es apresentadas levando-se em considera\u00e7\u00e3o o seu perfil de risco, objetivos, situa\u00e7\u00e3o financeira e necessidades espec\u00edficas.<\/p>\n<p>As informa\u00e7\u00f5es aqui disponibilizadas n\u00e3o constituem assessoramento jur\u00eddico ou tribut\u00e1rio. Cada pessoa dever\u00e1 consultar seus pr\u00f3prios assessores jur\u00eddicos ou tribut\u00e1rios sobre sua situa\u00e7\u00e3o legal e\/ou fiscal, em conformidade com as leis e regulamenta\u00e7\u00f5es aplic\u00e1veis.<\/p>\t\t\t\t\t\t\t\t<\/div>\n\t\t\t\t<\/div>\n\t\t\t\t\t<\/div>\n\t\t<\/div>\n\t\t\t\t\t<\/div>\n\t\t<\/section>\n\t\t\t\t<\/div>\n\t\t","protected":false},"excerpt":{"rendered":"<p>Assista agora: Do Zero a Trader Global Acompanhe a programa\u00e7\u00e3o do evento Agenda da Semana Derivativos de Balc\u00e3o s\u00e3o instrumentos complexos e apresentam um alto risco de perder dinheiro rapidamente devido \u00e0 alavancagem. 81% das contas de investidores de retalho perdem dinheiro quando negociam Derivativos conosco. Voc\u00ea deve considerar se entende como os Derivativos funcionam [&hellip;]<\/p>\n","protected":false},"author":1,"featured_media":0,"parent":866,"menu_order":0,"comment_status":"closed","ping_status":"closed","template":"elementor_canvas","meta":{"inline_featured_image":false,"footnotes":""},"class_list":["post-1005","page","type-page","status-publish","hentry"],"yoast_head":"<!-- This site is optimized with the Yoast SEO Premium plugin v20.2 (Yoast SEO v23.9) - https:\/\/yoast.com\/wordpress\/plugins\/seo\/ -->\n<title>Do zero a Trader Global - ActivTrades LP<\/title>\n<meta name=\"robots\" content=\"index, follow, max-snippet:-1, max-image-preview:large, max-video-preview:-1\" \/>\n<link rel=\"canonical\" href=\"https:\/\/activtrades.support\/lps\/semana-do-trader-global\/do-zero-a-trader-global\/\" \/>\n<meta property=\"og:locale\" content=\"pt_BR\" \/>\n<meta property=\"og:type\" content=\"article\" \/>\n<meta property=\"og:title\" content=\"Do zero a Trader Global\" \/>\n<meta property=\"og:description\" content=\"Assista agora: Do Zero a Trader Global Acompanhe a programa\u00e7\u00e3o do evento Agenda da Semana Derivativos de Balc\u00e3o s\u00e3o instrumentos complexos e apresentam um alto risco de perder dinheiro rapidamente devido \u00e0 alavancagem. 81% das contas de investidores de retalho perdem dinheiro quando negociam Derivativos conosco. Voc\u00ea deve considerar se entende como os Derivativos funcionam [&hellip;]\" \/>\n<meta property=\"og:url\" content=\"https:\/\/activtrades.support\/lps\/semana-do-trader-global\/do-zero-a-trader-global\/\" \/>\n<meta property=\"og:site_name\" content=\"ActivTrades LP\" \/>\n<meta property=\"article:modified_time\" content=\"2023-08-24T11:01:41+00:00\" \/>\n<meta property=\"og:image\" content=\"https:\/\/activtrades.support\/lps\/wp-content\/uploads\/sites\/10\/2023\/08\/logo.png\" \/>\n<meta name=\"twitter:card\" content=\"summary_large_image\" \/>\n<meta name=\"twitter:label1\" content=\"Est. tempo de leitura\" \/>\n\t<meta name=\"twitter:data1\" content=\"4 minutos\" \/>\n<script type=\"application\/ld+json\" class=\"yoast-schema-graph\">{\"@context\":\"https:\/\/schema.org\",\"@graph\":[{\"@type\":\"WebPage\",\"@id\":\"https:\/\/activtrades.support\/lps\/semana-do-trader-global\/do-zero-a-trader-global\/\",\"url\":\"https:\/\/activtrades.support\/lps\/semana-do-trader-global\/do-zero-a-trader-global\/\",\"name\":\"Do zero a Trader Global - ActivTrades LP\",\"isPartOf\":{\"@id\":\"https:\/\/activtrades.support\/lps\/#website\"},\"primaryImageOfPage\":{\"@id\":\"https:\/\/activtrades.support\/lps\/semana-do-trader-global\/do-zero-a-trader-global\/#primaryimage\"},\"image\":{\"@id\":\"https:\/\/activtrades.support\/lps\/semana-do-trader-global\/do-zero-a-trader-global\/#primaryimage\"},\"thumbnailUrl\":\"https:\/\/activtrades.support\/lps\/wp-content\/uploads\/sites\/10\/2023\/08\/logo.png\",\"datePublished\":\"2023-08-18T21:27:14+00:00\",\"dateModified\":\"2023-08-24T11:01:41+00:00\",\"breadcrumb\":{\"@id\":\"https:\/\/activtrades.support\/lps\/semana-do-trader-global\/do-zero-a-trader-global\/#breadcrumb\"},\"inLanguage\":\"pt-BR\",\"potentialAction\":[{\"@type\":\"ReadAction\",\"target\":[\"https:\/\/activtrades.support\/lps\/semana-do-trader-global\/do-zero-a-trader-global\/\"]}]},{\"@type\":\"ImageObject\",\"inLanguage\":\"pt-BR\",\"@id\":\"https:\/\/activtrades.support\/lps\/semana-do-trader-global\/do-zero-a-trader-global\/#primaryimage\",\"url\":\"https:\/\/activtrades.support\/lps\/wp-content\/uploads\/sites\/10\/2023\/08\/logo.png\",\"contentUrl\":\"https:\/\/activtrades.support\/lps\/wp-content\/uploads\/sites\/10\/2023\/08\/logo.png\",\"width\":322,\"height\":118},{\"@type\":\"BreadcrumbList\",\"@id\":\"https:\/\/activtrades.support\/lps\/semana-do-trader-global\/do-zero-a-trader-global\/#breadcrumb\",\"itemListElement\":[{\"@type\":\"ListItem\",\"position\":1,\"name\":\"In\u00edcio\",\"item\":\"https:\/\/activtrades.support\/lps\/\"},{\"@type\":\"ListItem\",\"position\":2,\"name\":\"Semana do Trader Global\",\"item\":\"https:\/\/activtrades.support\/lps\/semana-do-trader-global\/\"},{\"@type\":\"ListItem\",\"position\":3,\"name\":\"Do zero a Trader Global\"}]},{\"@type\":\"WebSite\",\"@id\":\"https:\/\/activtrades.support\/lps\/#website\",\"url\":\"https:\/\/activtrades.support\/lps\/\",\"name\":\"ActivTrades LP\",\"description\":\"\",\"potentialAction\":[{\"@type\":\"SearchAction\",\"target\":{\"@type\":\"EntryPoint\",\"urlTemplate\":\"https:\/\/activtrades.support\/lps\/?s={search_term_string}\"},\"query-input\":{\"@type\":\"PropertyValueSpecification\",\"valueRequired\":true,\"valueName\":\"search_term_string\"}}],\"inLanguage\":\"pt-BR\"}]}<\/script>\n<!-- \/ Yoast SEO Premium plugin. -->","yoast_head_json":{"title":"Do zero a Trader Global - ActivTrades LP","robots":{"index":"index","follow":"follow","max-snippet":"max-snippet:-1","max-image-preview":"max-image-preview:large","max-video-preview":"max-video-preview:-1"},"canonical":"https:\/\/activtrades.support\/lps\/semana-do-trader-global\/do-zero-a-trader-global\/","og_locale":"pt_BR","og_type":"article","og_title":"Do zero a Trader Global","og_description":"Assista agora: Do Zero a Trader Global Acompanhe a programa\u00e7\u00e3o do evento Agenda da Semana Derivativos de Balc\u00e3o s\u00e3o instrumentos complexos e apresentam um alto risco de perder dinheiro rapidamente devido \u00e0 alavancagem. 81% das contas de investidores de retalho perdem dinheiro quando negociam Derivativos conosco. Voc\u00ea deve considerar se entende como os Derivativos funcionam [&hellip;]","og_url":"https:\/\/activtrades.support\/lps\/semana-do-trader-global\/do-zero-a-trader-global\/","og_site_name":"ActivTrades LP","article_modified_time":"2023-08-24T11:01:41+00:00","og_image":[{"url":"https:\/\/activtrades.support\/lps\/wp-content\/uploads\/sites\/10\/2023\/08\/logo.png"}],"twitter_card":"summary_large_image","twitter_misc":{"Est. tempo de leitura":"4 minutos"},"schema":{"@context":"https:\/\/schema.org","@graph":[{"@type":"WebPage","@id":"https:\/\/activtrades.support\/lps\/semana-do-trader-global\/do-zero-a-trader-global\/","url":"https:\/\/activtrades.support\/lps\/semana-do-trader-global\/do-zero-a-trader-global\/","name":"Do zero a Trader Global - ActivTrades LP","isPartOf":{"@id":"https:\/\/activtrades.support\/lps\/#website"},"primaryImageOfPage":{"@id":"https:\/\/activtrades.support\/lps\/semana-do-trader-global\/do-zero-a-trader-global\/#primaryimage"},"image":{"@id":"https:\/\/activtrades.support\/lps\/semana-do-trader-global\/do-zero-a-trader-global\/#primaryimage"},"thumbnailUrl":"https:\/\/activtrades.support\/lps\/wp-content\/uploads\/sites\/10\/2023\/08\/logo.png","datePublished":"2023-08-18T21:27:14+00:00","dateModified":"2023-08-24T11:01:41+00:00","breadcrumb":{"@id":"https:\/\/activtrades.support\/lps\/semana-do-trader-global\/do-zero-a-trader-global\/#breadcrumb"},"inLanguage":"pt-BR","potentialAction":[{"@type":"ReadAction","target":["https:\/\/activtrades.support\/lps\/semana-do-trader-global\/do-zero-a-trader-global\/"]}]},{"@type":"ImageObject","inLanguage":"pt-BR","@id":"https:\/\/activtrades.support\/lps\/semana-do-trader-global\/do-zero-a-trader-global\/#primaryimage","url":"https:\/\/activtrades.support\/lps\/wp-content\/uploads\/sites\/10\/2023\/08\/logo.png","contentUrl":"https:\/\/activtrades.support\/lps\/wp-content\/uploads\/sites\/10\/2023\/08\/logo.png","width":322,"height":118},{"@type":"BreadcrumbList","@id":"https:\/\/activtrades.support\/lps\/semana-do-trader-global\/do-zero-a-trader-global\/#breadcrumb","itemListElement":[{"@type":"ListItem","position":1,"name":"In\u00edcio","item":"https:\/\/activtrades.support\/lps\/"},{"@type":"ListItem","position":2,"name":"Semana do Trader Global","item":"https:\/\/activtrades.support\/lps\/semana-do-trader-global\/"},{"@type":"ListItem","position":3,"name":"Do zero a Trader Global"}]},{"@type":"WebSite","@id":"https:\/\/activtrades.support\/lps\/#website","url":"https:\/\/activtrades.support\/lps\/","name":"ActivTrades LP","description":"","potentialAction":[{"@type":"SearchAction","target":{"@type":"EntryPoint","urlTemplate":"https:\/\/activtrades.support\/lps\/?s={search_term_string}"},"query-input":{"@type":"PropertyValueSpecification","valueRequired":true,"valueName":"search_term_string"}}],"inLanguage":"pt-BR"}]}},"_links":{"self":[{"href":"https:\/\/activtrades.support\/lps\/wp-json\/wp\/v2\/pages\/1005","targetHints":{"allow":["GET"]}}],"collection":[{"href":"https:\/\/activtrades.support\/lps\/wp-json\/wp\/v2\/pages"}],"about":[{"href":"https:\/\/activtrades.support\/lps\/wp-json\/wp\/v2\/types\/page"}],"author":[{"embeddable":true,"href":"https:\/\/activtrades.support\/lps\/wp-json\/wp\/v2\/users\/1"}],"replies":[{"embeddable":true,"href":"https:\/\/activtrades.support\/lps\/wp-json\/wp\/v2\/comments?post=1005"}],"version-history":[{"count":25,"href":"https:\/\/activtrades.support\/lps\/wp-json\/wp\/v2\/pages\/1005\/revisions"}],"predecessor-version":[{"id":1419,"href":"https:\/\/activtrades.support\/lps\/wp-json\/wp\/v2\/pages\/1005\/revisions\/1419"}],"up":[{"embeddable":true,"href":"https:\/\/activtrades.support\/lps\/wp-json\/wp\/v2\/pages\/866"}],"wp:attachment":[{"href":"https:\/\/activtrades.support\/lps\/wp-json\/wp\/v2\/media?parent=1005"}],"curies":[{"name":"wp","href":"https:\/\/api.w.org\/{rel}","templated":true}]}}